{"id":42,"date":"2024-02-09T08:24:59","date_gmt":"2024-02-09T08:24:59","guid":{"rendered":"https:\/\/themisternews.com\/?page_id=42"},"modified":"2025-10-29T13:30:11","modified_gmt":"2025-10-29T13:30:11","slug":"about","status":"publish","type":"page","link":"https:\/\/themisternews.com\/es\/about\/","title":{"rendered":"Acerca de"},"content":{"rendered":"<div class=\"mx-5 sm:mx-0 prose leading-relaxed text-lg mb-5 text-left wp-paragraph\">\n<p>Mister News es una publicaci\u00f3n digital dedicada a ayudarte a desenvolverte con claridad y prop\u00f3sito en el panorama laboral actual, el mundo de los videojuegos y el desarrollo profesional. Ofrecemos contenido relevante sobre tendencias laborales, pr\u00e1cticas de contrataci\u00f3n, habilidades profesionales, estrategias de desarrollo profesional y videojuegos, para que est\u00e9s al d\u00eda y tomes mejores decisiones para tu futuro.<\/p>\n<\/div><div class=\"mx-5 sm:mx-0 prose leading-relaxed text-lg mb-5 text-left wp-paragraph\">\n<p>Entendemos lo abrumador que puede resultar mantenerse al d\u00eda con la evoluci\u00f3n del mercado laboral, las expectativas en el lugar de trabajo y las tendencias de los videojuegos. Por eso, nuestro equipo desglosa temas complejos en gu\u00edas \u00fatiles y f\u00e1ciles de leer, que abarcan desde recomendaciones de cursos y consejos para el trabajo remoto hasta informaci\u00f3n sobre la industria de los videojuegos y el desarrollo profesional.<\/p>\n<\/div><div class=\"mx-5 sm:mx-0 prose leading-relaxed text-lg mb-5 text-left wp-paragraph\">\n<p>Aunque publicamos con frecuencia ofertas de empleo, actualizaciones de contrataci\u00f3n de grandes empresas y las \u00faltimas noticias del sector de los videojuegos, no estamos afiliados a ninguna empresa ni plataforma de videojuegos y no actuamos como reclutadores. Nuestro papel es informar y orientar, no conectar a candidatos con puestos de trabajo ni promocionar plataformas de videojuegos espec\u00edficas.<\/p>\n<\/div><!--advertisement--><div class=\"mx-5 sm:mx-0 sm:text-3xl text-2xl font-medium title-font mb-4 text-gray-900 text-left\">\n<h2 class=\"wp-block-heading\" id=\"h-our-mission\">Nuestra misi\u00f3n<\/h2>\n<\/div><div class=\"mx-5 sm:mx-0 prose leading-relaxed text-lg mb-5 text-left wp-paragraph\">\n<p>Nuestra misi\u00f3n es apoyar a profesionales y jugadores en cada etapa con contenido honesto y basado en investigaciones. Tanto si est\u00e1s empezando, como si te planteas un cambio de carrera, exploras la industria de los videojuegos o te adaptas al mundo del trabajo remoto y flexible, The Mister News te ofrece herramientas pr\u00e1cticas para ayudarte a crecer con confianza.<\/p>\n<\/div><div class=\"mx-5 sm:mx-0 prose leading-relaxed text-lg mb-5 text-left wp-paragraph\">\n<p>No prometemos victorias f\u00e1ciles ni atajos. En cambio, nos centramos en la claridad, la preparaci\u00f3n y el progreso constante, porque construir una carrera sostenible o prosperar en el mundo de los videojuegos requiere m\u00e1s que suerte o tendencias. Requiere informaci\u00f3n fiable, habilidades reales y la mentalidad adecuada.<\/p>\n<\/div><!--advertisement--><div class=\"mx-5 sm:mx-0 sm:text-3xl text-2xl font-medium title-font mb-4 text-gray-900 text-left\">\n<h2 class=\"wp-block-heading\" id=\"h-what-you-ll-find-here\">Lo que encontrar\u00e1s aqu\u00ed<\/h2>\n<\/div><div class=\"mx-5 sm:mx-0 prose leading-relaxed text-lg mb-5 text-left wp-paragraph\">\n<p>Nuestros art\u00edculos est\u00e1n estructurados para apoyar tu trayectoria profesional y tus intereses en los videojuegos desde m\u00faltiples perspectivas:<\/p>\n<\/div><div class=\"mx-5 sm:mx-0 prose text-left mb-5\">\n<ul><div class=\"mx-5 sm:mx-0 prose text-left mb-5\">\n<li><strong>Estrategia profesional y desarrollo de habilidades<\/strong><strong><br><\/strong> Explora caminos que se ajusten a tus fortalezas e intereses. Ofrecemos orientaci\u00f3n sobre planificaci\u00f3n profesional, desarrollo profesional y desarrollo personal que se adapta a tus objetivos.<\/li>\n<\/div>\n\n<div class=\"mx-5 sm:mx-0 prose text-left mb-5\">\n<li><strong>Orientaci\u00f3n para la b\u00fasqueda y solicitud de empleo<\/strong><strong><br><\/strong> Aprenda a elaborar mejores curr\u00edculums, escribir cartas de presentaci\u00f3n convincentes y presentarse con confianza, tanto en l\u00ednea como en persona.<\/li>\n<\/div>\n\n<div class=\"mx-5 sm:mx-0 prose text-left mb-5\">\n<li><strong>Preparaci\u00f3n para la entrevista y el lugar de trabajo<\/strong><strong><br><\/strong> Encuentra consejos sobre c\u00f3mo afrontar entrevistas, desarrollar habilidades interpersonales y prosperar en un entorno profesional, tanto si trabajas presencialmente, a distancia o exploras oportunidades en la industria de los videojuegos.<\/li>\n<\/div>\n\n<div class=\"mx-5 sm:mx-0 prose text-left mb-5\">\n<li><strong>Trabajo flexible y herramientas remotas<\/strong><strong><br><\/strong> Destacamos herramientas, h\u00e1bitos y plataformas que apoyan las carreras remotas, con consejos sobre productividad, gesti\u00f3n del tiempo y colaboraci\u00f3n digital.<\/li>\n<\/div>\n\n<div class=\"mx-5 sm:mx-0 prose text-left mb-5\">\n<li><strong>Perspectivas de contrataci\u00f3n de empresas<\/strong><strong><br><\/strong> Mant\u00e9ngase al d\u00eda con las novedades de contrataci\u00f3n de empresas reconocidas de diversos sectores. Estas publicaciones le ayudan a seguir las tendencias y detectar nuevas oportunidades; sin embargo, recuerde que no representamos ni promocionamos a ning\u00fan empleador.<\/li>\n<\/div>\n\n<div class=\"mx-5 sm:mx-0 prose text-left mb-5\">\n<li><strong>Perspectivas sobre los videojuegos<\/strong><strong><br><\/strong> Mantente informado sobre las \u00faltimas tendencias en videojuegos, consejos para sacar el m\u00e1ximo provecho de tus juegos favoritos y formas de mejorar tu experiencia de juego.<\/li>\n<\/div><\/ul>\n<\/div><!--advertisement--><div class=\"mx-5 sm:mx-0 sm:text-3xl text-2xl font-medium title-font mb-4 text-gray-900 text-left\">\n<h2 class=\"wp-block-heading\" id=\"h-our-approach\">Nuestro enfoque<\/h2>\n<\/div><div class=\"mx-5 sm:mx-0 prose leading-relaxed text-lg mb-5 text-left wp-paragraph\">\n<p>Mister News opera de forma independiente. Si bien nuestro sitio incluye anuncios para financiar nuestro trabajo, no vendemos cursos, no ofrecemos colocaci\u00f3n laboral, no promocionamos anuncios pagados disfrazados de contenido editorial ni respaldamos plataformas de juegos espec\u00edficas.<\/p>\n<\/div><div class=\"mx-5 sm:mx-0 prose leading-relaxed text-lg mb-5 text-left wp-paragraph\">\n<p>Todos nuestros art\u00edculos se investigan y redactan internamente, priorizando la precisi\u00f3n, la claridad y la utilidad. No aceptamos pagos por destacar empresas, productos o vacantes espec\u00edficas en nuestra cobertura editorial.<\/p>\n<\/div><div class=\"mx-5 sm:mx-0 prose leading-relaxed text-lg mb-5 text-left wp-paragraph\">\n<p>Estamos aqu\u00ed para informar, no para vender. Nuestro objetivo es ofrecer contenido que respalde tus decisiones profesionales, tus intereses en videojuegos y tu crecimiento personal, basado en tendencias reales, opiniones honestas y consejos pr\u00e1cticos.<\/p>\n<\/div>","protected":false},"excerpt":{"rendered":"<p>The Mister News es una publicaci\u00f3n digital dedicada a ayudarte a navegar el panorama laboral actual, el mundo de los videojuegos y el desarrollo profesional con claridad y prop\u00f3sito. Ofrecemos contenido \u00fatil sobre tendencias laborales, pr\u00e1cticas de contrataci\u00f3n, habilidades profesionales, estrategias de desarrollo profesional y videojuegos, para que puedas mantenerte informado y tomar mejores decisiones para tu futuro. Entendemos c\u00f3mo\u2026 <a class=\"more-link\" href=\"https:\/\/themisternews.com\/es\/about\/\">sigue leyendo <span class=\"screen-reader-text\">Acerca de<\/span><\/a><\/p>","protected":false},"author":7,"featured_media":0,"parent":0,"menu_order":0,"comment_status":"closed","ping_status":"closed","template":"","meta":{"footnotes":""},"yoast_head":"<!-- This site is optimized with the Yoast SEO Premium plugin v18.7 (Yoast SEO v19.1) - https:\/\/yoast.com\/wordpress\/plugins\/seo\/ -->\n<title>About - The Mister News<\/title>\n<meta name=\"robots\" content=\"index, follow, max-snippet:-1, max-image-preview:large, max-video-preview:-1\" \/>\n<link rel=\"canonical\" href=\"https:\/\/themisternews.com\/es\/about\/\" \/>\n<meta property=\"og:locale\" content=\"es_MX\" \/>\n<meta property=\"og:type\" content=\"article\" \/>\n<meta property=\"og:title\" content=\"About\" \/>\n<meta property=\"og:description\" content=\"The Mister News is a digital publication dedicated to helping you navigate today\u2019s work landscape, the gaming world, and career development with clarity and purpose. We offer insightful content on job trends, hiring practices, professional skills, career development strategies, and gaming\u2014so you can stay informed and make better choices for your future. We understand how&hellip; Continue reading About\" \/>\n<meta property=\"og:url\" content=\"https:\/\/themisternews.com\/es\/about\/\" \/>\n<meta property=\"og:site_name\" content=\"The Mister News\" \/>\n<meta property=\"article:modified_time\" content=\"2025-10-29T13:30:11+00:00\" \/>\n<meta name=\"twitter:card\" content=\"summary_large_image\" \/>\n<meta name=\"twitter:label1\" content=\"Est. reading time\" \/>\n\t<meta name=\"twitter:data1\" content=\"3 minutos\" \/>\n<script type=\"application\/ld+json\" class=\"yoast-schema-graph\">{\"@context\":\"https:\/\/schema.org\",\"@graph\":[{\"@type\":\"WebSite\",\"@id\":\"https:\/\/themisternews.com\/#website\",\"url\":\"https:\/\/themisternews.com\/\",\"name\":\"The Mister News\",\"description\":\"\",\"potentialAction\":[{\"@type\":\"SearchAction\",\"target\":{\"@type\":\"EntryPoint\",\"urlTemplate\":\"https:\/\/themisternews.com\/?s={search_term_string}\"},\"query-input\":\"required name=search_term_string\"}],\"inLanguage\":\"es-MX\"},{\"@type\":\"WebPage\",\"@id\":\"https:\/\/themisternews.com\/about\/#webpage\",\"url\":\"https:\/\/themisternews.com\/about\/\",\"name\":\"About - The Mister News\",\"isPartOf\":{\"@id\":\"https:\/\/themisternews.com\/#website\"},\"datePublished\":\"2024-02-09T08:24:59+00:00\",\"dateModified\":\"2025-10-29T13:30:11+00:00\",\"breadcrumb\":{\"@id\":\"https:\/\/themisternews.com\/about\/#breadcrumb\"},\"inLanguage\":\"es-MX\",\"potentialAction\":[{\"@type\":\"ReadAction\",\"target\":[\"https:\/\/themisternews.com\/about\/\"]}]},{\"@type\":\"BreadcrumbList\",\"@id\":\"https:\/\/themisternews.com\/about\/#breadcrumb\",\"itemListElement\":[{\"@type\":\"ListItem\",\"position\":1,\"name\":\"Home\",\"item\":\"https:\/\/themisternews.com\/\"},{\"@type\":\"ListItem\",\"position\":2,\"name\":\"About\"}]}]}<\/script>\n<!-- \/ Yoast SEO Premium plugin. -->","yoast_head_json":{"title":"About - The Mister News","robots":{"index":"index","follow":"follow","max-snippet":"max-snippet:-1","max-image-preview":"max-image-preview:large","max-video-preview":"max-video-preview:-1"},"canonical":"https:\/\/themisternews.com\/es\/about\/","og_locale":"es_MX","og_type":"article","og_title":"About","og_description":"The Mister News is a digital publication dedicated to helping you navigate today\u2019s work landscape, the gaming world, and career development with clarity and purpose. We offer insightful content on job trends, hiring practices, professional skills, career development strategies, and gaming\u2014so you can stay informed and make better choices for your future. We understand how&hellip; Continue reading About","og_url":"https:\/\/themisternews.com\/es\/about\/","og_site_name":"The Mister News","article_modified_time":"2025-10-29T13:30:11+00:00","twitter_card":"summary_large_image","twitter_misc":{"Est. reading time":"3 minutos"},"schema":{"@context":"https:\/\/schema.org","@graph":[{"@type":"WebSite","@id":"https:\/\/themisternews.com\/#website","url":"https:\/\/themisternews.com\/","name":"The Mister News","description":"","potentialAction":[{"@type":"SearchAction","target":{"@type":"EntryPoint","urlTemplate":"https:\/\/themisternews.com\/?s={search_term_string}"},"query-input":"required name=search_term_string"}],"inLanguage":"es-MX"},{"@type":"WebPage","@id":"https:\/\/themisternews.com\/about\/#webpage","url":"https:\/\/themisternews.com\/about\/","name":"About - The Mister News","isPartOf":{"@id":"https:\/\/themisternews.com\/#website"},"datePublished":"2024-02-09T08:24:59+00:00","dateModified":"2025-10-29T13:30:11+00:00","breadcrumb":{"@id":"https:\/\/themisternews.com\/about\/#breadcrumb"},"inLanguage":"es-MX","potentialAction":[{"@type":"ReadAction","target":["https:\/\/themisternews.com\/about\/"]}]},{"@type":"BreadcrumbList","@id":"https:\/\/themisternews.com\/about\/#breadcrumb","itemListElement":[{"@type":"ListItem","position":1,"name":"Home","item":"https:\/\/themisternews.com\/"},{"@type":"ListItem","position":2,"name":"About"}]}]}},"_links":{"self":[{"href":"https:\/\/themisternews.com\/es\/wp-json\/wp\/v2\/pages\/42"}],"collection":[{"href":"https:\/\/themisternews.com\/es\/wp-json\/wp\/v2\/pages"}],"about":[{"href":"https:\/\/themisternews.com\/es\/wp-json\/wp\/v2\/types\/page"}],"author":[{"embeddable":true,"href":"https:\/\/themisternews.com\/es\/wp-json\/wp\/v2\/users\/7"}],"replies":[{"embeddable":true,"href":"https:\/\/themisternews.com\/es\/wp-json\/wp\/v2\/comments?post=42"}],"version-history":[{"count":0,"href":"https:\/\/themisternews.com\/es\/wp-json\/wp\/v2\/pages\/42\/revisions"}],"wp:attachment":[{"href":"https:\/\/themisternews.com\/es\/wp-json\/wp\/v2\/media?parent=42"}],"curies":[{"name":"wp","href":"https:\/\/api.w.org\/{rel}","templated":true}]}}