{"id":42,"date":"2024-02-09T08:24:59","date_gmt":"2024-02-09T08:24:59","guid":{"rendered":"https:\/\/themisternews.com\/?page_id=42"},"modified":"2025-10-29T13:30:11","modified_gmt":"2025-10-29T13:30:11","slug":"about","status":"publish","type":"page","link":"https:\/\/themisternews.com\/pt\/about\/","title":{"rendered":"Sobre"},"content":{"rendered":"<div class=\"mx-5 sm:mx-0 prose leading-relaxed text-lg mb-5 text-left wp-paragraph\">\n<p>O Mister News \u00e9 uma publica\u00e7\u00e3o digital dedicada a ajudar voc\u00ea a navegar pelo cen\u00e1rio profissional atual, o mundo dos jogos e o desenvolvimento de carreira com clareza e prop\u00f3sito. Oferecemos conte\u00fado relevante sobre tend\u00eancias de emprego, pr\u00e1ticas de contrata\u00e7\u00e3o, habilidades profissionais, estrat\u00e9gias de desenvolvimento de carreira e jogos \u2014 para que voc\u00ea possa se manter informado e tomar melhores decis\u00f5es para o seu futuro.<\/p>\n<\/div><div class=\"mx-5 sm:mx-0 prose leading-relaxed text-lg mb-5 text-left wp-paragraph\">\n<p>Entendemos o qu\u00e3o dif\u00edcil pode ser acompanhar a evolu\u00e7\u00e3o do mercado de trabalho, as expectativas no ambiente corporativo e as tend\u00eancias dos jogos. Por isso, nossa equipe simplifica t\u00f3picos complexos em guias pr\u00e1ticos e f\u00e1ceis de ler, que abrangem desde recomenda\u00e7\u00f5es de cursos e dicas para trabalho remoto at\u00e9 informa\u00e7\u00f5es sobre a ind\u00fastria de jogos e desenvolvimento de carreira.<\/p>\n<\/div><div class=\"mx-5 sm:mx-0 prose leading-relaxed text-lg mb-5 text-left wp-paragraph\">\n<p>Embora publiquemos regularmente vagas de emprego, atualiza\u00e7\u00f5es de contrata\u00e7\u00e3o de grandes empresas e as \u00faltimas not\u00edcias do mundo dos jogos, n\u00e3o temos v\u00ednculo com nenhuma empresa ou plataforma de jogos e n\u00e3o atuamos como recrutadores. Nosso papel \u00e9 informar e orientar, n\u00e3o conectar candidatos a vagas ou promover plataformas de jogos espec\u00edficas.<\/p>\n<\/div><!--advertisement--><div class=\"mx-5 sm:mx-0 sm:text-3xl text-2xl font-medium title-font mb-4 text-gray-900 text-left\">\n<h2 class=\"wp-block-heading\" id=\"h-our-mission\">Nossa Miss\u00e3o<\/h2>\n<\/div><div class=\"mx-5 sm:mx-0 prose leading-relaxed text-lg mb-5 text-left wp-paragraph\">\n<p>Nossa miss\u00e3o \u00e9 apoiar profissionais e jogadores em todas as etapas com conte\u00fado honesto e baseado em pesquisas. Seja voc\u00ea um iniciante, esteja considerando uma mudan\u00e7a de carreira, explorando a ind\u00fastria de jogos ou se adaptando ao mundo do trabalho remoto e flex\u00edvel, o The Mister News oferece ferramentas pr\u00e1ticas para ajud\u00e1-lo a crescer com confian\u00e7a.<\/p>\n<\/div><div class=\"mx-5 sm:mx-0 prose leading-relaxed text-lg mb-5 text-left wp-paragraph\">\n<p>N\u00e3o prometemos vit\u00f3rias r\u00e1pidas nem atalhos. Em vez disso, focamos em clareza, prepara\u00e7\u00e3o e progresso constante, porque construir uma carreira s\u00f3lida ou prosperar no mundo dos jogos exige mais do que sorte ou tend\u00eancias. Exige informa\u00e7\u00e3o confi\u00e1vel, habilidades reais e a mentalidade certa.<\/p>\n<\/div><!--advertisement--><div class=\"mx-5 sm:mx-0 sm:text-3xl text-2xl font-medium title-font mb-4 text-gray-900 text-left\">\n<h2 class=\"wp-block-heading\" id=\"h-what-you-ll-find-here\">O que voc\u00ea encontrar\u00e1 aqui<\/h2>\n<\/div><div class=\"mx-5 sm:mx-0 prose leading-relaxed text-lg mb-5 text-left wp-paragraph\">\n<p>Nossos artigos s\u00e3o estruturados para apoiar sua trajet\u00f3ria profissional e seus interesses em jogos sob diversas perspectivas:<\/p>\n<\/div><div class=\"mx-5 sm:mx-0 prose text-left mb-5\">\n<ul><div class=\"mx-5 sm:mx-0 prose text-left mb-5\">\n<li><strong>Estrat\u00e9gia de Carreira e Desenvolvimento de Habilidades<\/strong><strong><br><\/strong> Explore caminhos que combinam com seus pontos fortes e interesses. Oferecemos orienta\u00e7\u00e3o sobre planejamento de carreira, qualifica\u00e7\u00e3o e desenvolvimento pessoal, adaptando-se aos seus objetivos.<\/li>\n<\/div>\n\n<div class=\"mx-5 sm:mx-0 prose text-left mb-5\">\n<li><strong>Orienta\u00e7\u00e3o para Busca de Emprego e Candidatura<\/strong><strong><br><\/strong> Aprenda a elaborar curr\u00edculos melhores, escrever cartas de apresenta\u00e7\u00e3o convincentes e se apresentar com confian\u00e7a, tanto online quanto pessoalmente.<\/li>\n<\/div>\n\n<div class=\"mx-5 sm:mx-0 prose text-left mb-5\">\n<li><strong>Prepara\u00e7\u00e3o para entrevista e ambiente de trabalho<\/strong><strong><br><\/strong> Encontre dicas sobre como se sair bem em entrevistas, desenvolver habilidades interpessoais e prosperar em um ambiente profissional \u2014 seja trabalhando presencialmente, remotamente ou explorando oportunidades na ind\u00fastria de jogos.<\/li>\n<\/div>\n\n<div class=\"mx-5 sm:mx-0 prose text-left mb-5\">\n<li><strong>Ferramentas de trabalho flex\u00edveis e remotas<\/strong><strong><br><\/strong> Destacamos ferramentas, h\u00e1bitos e plataformas que d\u00e3o suporte a carreiras remotas, com conselhos sobre produtividade, gerenciamento de tempo e colabora\u00e7\u00e3o digital.<\/li>\n<\/div>\n\n<div class=\"mx-5 sm:mx-0 prose text-left mb-5\">\n<li><strong>Insights sobre contrata\u00e7\u00e3o de empresas<\/strong><strong><br><\/strong> Mantenha-se atualizado com as novidades sobre contrata\u00e7\u00e3o de empresas renomadas em diversos setores. Essas publica\u00e7\u00f5es ajudam voc\u00ea a acompanhar tend\u00eancias e identificar novas oportunidades \u2014 mas lembre-se: n\u00e3o representamos nem promovemos nenhum empregador.<\/li>\n<\/div>\n\n<div class=\"mx-5 sm:mx-0 prose text-left mb-5\">\n<li><strong>Informa\u00e7\u00f5es sobre jogos<\/strong><strong><br><\/strong> Mantenha-se informado sobre as \u00faltimas tend\u00eancias em jogos, dicas para aproveitar ao m\u00e1ximo seus jogos favoritos e maneiras de aprimorar sua experi\u00eancia de jogo.<\/li>\n<\/div><\/ul>\n<\/div><!--advertisement--><div class=\"mx-5 sm:mx-0 sm:text-3xl text-2xl font-medium title-font mb-4 text-gray-900 text-left\">\n<h2 class=\"wp-block-heading\" id=\"h-our-approach\">Nossa Abordagem<\/h2>\n<\/div><div class=\"mx-5 sm:mx-0 prose leading-relaxed text-lg mb-5 text-left wp-paragraph\">\n<p>O Mister News opera de forma independente. Embora nosso site inclua an\u00fancios para financiar nosso trabalho, n\u00e3o vendemos cursos, n\u00e3o oferecemos vagas de emprego, n\u00e3o promovemos an\u00fancios pagos disfar\u00e7ados de conte\u00fado editorial e n\u00e3o endossamos plataformas de jogos espec\u00edficas.<\/p>\n<\/div><div class=\"mx-5 sm:mx-0 prose leading-relaxed text-lg mb-5 text-left wp-paragraph\">\n<p>Todos os nossos artigos s\u00e3o pesquisados e escritos internamente, com foco em precis\u00e3o, clareza e utilidade. N\u00e3o aceitamos pagamento para destacar empresas, produtos ou vagas de emprego espec\u00edficos em nossa cobertura editorial.<\/p>\n<\/div><div class=\"mx-5 sm:mx-0 prose leading-relaxed text-lg mb-5 text-left wp-paragraph\">\n<p>Estamos aqui para informar, n\u00e3o para vender. Nosso objetivo \u00e9 fornecer conte\u00fado que apoie suas decis\u00f5es de carreira, seus interesses em jogos e seu crescimento pessoal \u2014 baseado em tend\u00eancias reais, an\u00e1lises honestas e conselhos pr\u00e1ticos.<\/p>\n<\/div>","protected":false},"excerpt":{"rendered":"<p>O Mister News \u00e9 uma publica\u00e7\u00e3o digital dedicada a ajudar voc\u00ea a navegar pelo cen\u00e1rio profissional atual, o mundo dos jogos e o desenvolvimento de carreira com clareza e prop\u00f3sito. Oferecemos conte\u00fado perspicaz sobre tend\u00eancias de emprego, pr\u00e1ticas de contrata\u00e7\u00e3o, habilidades profissionais, estrat\u00e9gias de desenvolvimento de carreira e jogos \u2014 para que voc\u00ea possa se manter informado e tomar melhores decis\u00f5es para o seu futuro. Entendemos como\u2026 <a class=\"more-link\" href=\"https:\/\/themisternews.com\/pt\/about\/\">Continuar lendo <span class=\"screen-reader-text\">Sobre<\/span><\/a><\/p>","protected":false},"author":7,"featured_media":0,"parent":0,"menu_order":0,"comment_status":"closed","ping_status":"closed","template":"","meta":{"footnotes":""},"yoast_head":"<!-- This site is optimized with the Yoast SEO Premium plugin v18.7 (Yoast SEO v19.1) - https:\/\/yoast.com\/wordpress\/plugins\/seo\/ -->\n<title>About - The Mister News<\/title>\n<meta name=\"robots\" content=\"index, follow, max-snippet:-1, max-image-preview:large, max-video-preview:-1\" \/>\n<link rel=\"canonical\" href=\"https:\/\/themisternews.com\/pt\/about\/\" \/>\n<meta property=\"og:locale\" content=\"pt_BR\" \/>\n<meta property=\"og:type\" content=\"article\" \/>\n<meta property=\"og:title\" content=\"About\" \/>\n<meta property=\"og:description\" content=\"The Mister News is a digital publication dedicated to helping you navigate today\u2019s work landscape, the gaming world, and career development with clarity and purpose. We offer insightful content on job trends, hiring practices, professional skills, career development strategies, and gaming\u2014so you can stay informed and make better choices for your future. We understand how&hellip; Continue reading About\" \/>\n<meta property=\"og:url\" content=\"https:\/\/themisternews.com\/pt\/about\/\" \/>\n<meta property=\"og:site_name\" content=\"The Mister News\" \/>\n<meta property=\"article:modified_time\" content=\"2025-10-29T13:30:11+00:00\" \/>\n<meta name=\"twitter:card\" content=\"summary_large_image\" \/>\n<meta name=\"twitter:label1\" content=\"Est. reading time\" \/>\n\t<meta name=\"twitter:data1\" content=\"3 minutos\" \/>\n<script type=\"application\/ld+json\" class=\"yoast-schema-graph\">{\"@context\":\"https:\/\/schema.org\",\"@graph\":[{\"@type\":\"WebSite\",\"@id\":\"https:\/\/themisternews.com\/#website\",\"url\":\"https:\/\/themisternews.com\/\",\"name\":\"The Mister News\",\"description\":\"\",\"potentialAction\":[{\"@type\":\"SearchAction\",\"target\":{\"@type\":\"EntryPoint\",\"urlTemplate\":\"https:\/\/themisternews.com\/?s={search_term_string}\"},\"query-input\":\"required name=search_term_string\"}],\"inLanguage\":\"pt-BR\"},{\"@type\":\"WebPage\",\"@id\":\"https:\/\/themisternews.com\/about\/#webpage\",\"url\":\"https:\/\/themisternews.com\/about\/\",\"name\":\"About - The Mister News\",\"isPartOf\":{\"@id\":\"https:\/\/themisternews.com\/#website\"},\"datePublished\":\"2024-02-09T08:24:59+00:00\",\"dateModified\":\"2025-10-29T13:30:11+00:00\",\"breadcrumb\":{\"@id\":\"https:\/\/themisternews.com\/about\/#breadcrumb\"},\"inLanguage\":\"pt-BR\",\"potentialAction\":[{\"@type\":\"ReadAction\",\"target\":[\"https:\/\/themisternews.com\/about\/\"]}]},{\"@type\":\"BreadcrumbList\",\"@id\":\"https:\/\/themisternews.com\/about\/#breadcrumb\",\"itemListElement\":[{\"@type\":\"ListItem\",\"position\":1,\"name\":\"Home\",\"item\":\"https:\/\/themisternews.com\/\"},{\"@type\":\"ListItem\",\"position\":2,\"name\":\"About\"}]}]}<\/script>\n<!-- \/ Yoast SEO Premium plugin. -->","yoast_head_json":{"title":"About - The Mister News","robots":{"index":"index","follow":"follow","max-snippet":"max-snippet:-1","max-image-preview":"max-image-preview:large","max-video-preview":"max-video-preview:-1"},"canonical":"https:\/\/themisternews.com\/pt\/about\/","og_locale":"pt_BR","og_type":"article","og_title":"About","og_description":"The Mister News is a digital publication dedicated to helping you navigate today\u2019s work landscape, the gaming world, and career development with clarity and purpose. We offer insightful content on job trends, hiring practices, professional skills, career development strategies, and gaming\u2014so you can stay informed and make better choices for your future. We understand how&hellip; Continue reading About","og_url":"https:\/\/themisternews.com\/pt\/about\/","og_site_name":"The Mister News","article_modified_time":"2025-10-29T13:30:11+00:00","twitter_card":"summary_large_image","twitter_misc":{"Est. reading time":"3 minutos"},"schema":{"@context":"https:\/\/schema.org","@graph":[{"@type":"WebSite","@id":"https:\/\/themisternews.com\/#website","url":"https:\/\/themisternews.com\/","name":"The Mister News","description":"","potentialAction":[{"@type":"SearchAction","target":{"@type":"EntryPoint","urlTemplate":"https:\/\/themisternews.com\/?s={search_term_string}"},"query-input":"required name=search_term_string"}],"inLanguage":"pt-BR"},{"@type":"WebPage","@id":"https:\/\/themisternews.com\/about\/#webpage","url":"https:\/\/themisternews.com\/about\/","name":"About - The Mister News","isPartOf":{"@id":"https:\/\/themisternews.com\/#website"},"datePublished":"2024-02-09T08:24:59+00:00","dateModified":"2025-10-29T13:30:11+00:00","breadcrumb":{"@id":"https:\/\/themisternews.com\/about\/#breadcrumb"},"inLanguage":"pt-BR","potentialAction":[{"@type":"ReadAction","target":["https:\/\/themisternews.com\/about\/"]}]},{"@type":"BreadcrumbList","@id":"https:\/\/themisternews.com\/about\/#breadcrumb","itemListElement":[{"@type":"ListItem","position":1,"name":"Home","item":"https:\/\/themisternews.com\/"},{"@type":"ListItem","position":2,"name":"About"}]}]}},"_links":{"self":[{"href":"https:\/\/themisternews.com\/pt\/wp-json\/wp\/v2\/pages\/42"}],"collection":[{"href":"https:\/\/themisternews.com\/pt\/wp-json\/wp\/v2\/pages"}],"about":[{"href":"https:\/\/themisternews.com\/pt\/wp-json\/wp\/v2\/types\/page"}],"author":[{"embeddable":true,"href":"https:\/\/themisternews.com\/pt\/wp-json\/wp\/v2\/users\/7"}],"replies":[{"embeddable":true,"href":"https:\/\/themisternews.com\/pt\/wp-json\/wp\/v2\/comments?post=42"}],"version-history":[{"count":0,"href":"https:\/\/themisternews.com\/pt\/wp-json\/wp\/v2\/pages\/42\/revisions"}],"wp:attachment":[{"href":"https:\/\/themisternews.com\/pt\/wp-json\/wp\/v2\/media?parent=42"}],"curies":[{"name":"wp","href":"https:\/\/api.w.org\/{rel}","templated":true}]}}